{"id":34,"date":"2020-01-30T15:04:18","date_gmt":"2020-01-30T15:04:18","guid":{"rendered":"http:\/\/hirax.fi\/?page_id=34"},"modified":"2025-11-13T16:33:28","modified_gmt":"2025-11-13T16:33:28","slug":"hirax-2","status":"publish","type":"page","link":"https:\/\/hirax.fi\/","title":{"rendered":"Hirax"},"content":{"rendered":"<h2>HIRAX HIRSITALOT on yli 30 vuotta toiminut yritys.<\/h2>\n<h3>\u00a0<\/h3>\n<h3>\u00a0<\/h3>\n<h3>HUOM!<\/h3>\n<h3>Emme ole kokoaikaisesti paikalla. Muistathan sopia k\u00e4ynnist\u00e4si etuk\u00e4teen soittamalla! Tapaaminen voidaan sopia toimistolle tai vaihtoehtoisesti tehtaan yhteydess\u00e4 sijaitsevaan Hirax Hirsitalojen myym\u00e4l\u00e4\u00e4n.<\/h3>\n<h3>Tavoitat meid\u00e4t puhelimitse ma-pe<\/h3>\n<h3>parhaiten klo. 15.30 j\u00e4lkeen.\u00a0 p. 0445008035.<\/h3>\n<h3><strong>\u00a0<\/strong><\/h3>\n<h3><strong>AJANKOHTAISTA TALVI 2025-2026:<\/strong><\/h3>\n<h3>Vuodelle 2026 emme ota en\u00e4\u00e4 hirsikehikkotilauksia.<\/h3>\n<h2>Myym\u00e4l\u00e4ss\u00e4 on poistotuotteita alkaen 1 e\/tuote.<b>\u00a0<\/b><\/h2>\n<h2><b>Pahkakellot, puutuotteita ja kortteja yms.<\/b><\/h2>\n<h2><b style=\"color: inherit; font-family: inherit; font-size: 1.25rem;\">Valmispilariantureita + s\u00e4\u00e4t\u00f6jalkoja\u00a0 on varastossa.<\/b><\/h2>\n<p><b style=\"color: inherit; font-family: inherit; font-size: 1.25rem;\">JYREMARK allergiayst\u00e4v\u00e4lliset villanauhat esim. hirsien v\u00e4liin tai\u00a0 ovien ja ikkunoiden tiivistykseen l\u00f6ytyv\u00e4t varastosta. Laaja valikoima, my\u00f6s nurkkapaloja hirsien v\u00e4liin.<\/b><\/p>\n<p><b style=\"color: inherit; font-family: inherit; font-size: 1.25rem;\">Laaja LVI-tarvikevalikoima myym\u00e4l\u00e4ss\u00e4 ja varastossa.<\/b><\/p>\n<p>&nbsp;<\/p>\n<h3><strong style=\"font-size: 1rem;\">MYYD\u00c4\u00c4N tai VUOKRATAAN <\/strong><strong style=\"font-size: 1rem;\">yritystilaa:<\/strong><strong style=\"font-size: 1rem;\">\u00a0<\/strong><\/h3>\n<p><strong style=\"font-size: 1rem;\">Kohde : Joensuuntie 2633\u00a0\u00a0<\/strong><strong style=\"font-size: 1rem;\">AHMOVAARA.<\/strong><\/p>\n<p>Yritystiloja vapautuu\u00a0 VT-6 varressa sijaitsevalla noin 2 hehtaarin kokoisella kiinteist\u00f6ll\u00e4 .<\/p>\n<p>Hyv\u00e4 ja n\u00e4kyv\u00e4 sijainti antaa mahdollisuuksia monenlaiseen toimintaan. Esimerkiksi hirsirakenteisen myym\u00e4l\u00e4n tilat soveltuvat erilaisten palveluluiden toimipaikaksi.<\/p>\n<h4>.<\/h4>\n<figure><img fetchpriority=\"high\" decoding=\"async\" src=\"https:\/\/hirax.fi\/wp-content\/uploads\/2020\/05\/IMG_2189-scaled.jpg\" sizes=\"(max-width: 2560px) 100vw, 2560px\" srcset=\"https:\/\/hirax.fi\/wp-content\/uploads\/2020\/05\/IMG_2189-scaled.jpg 2560w, https:\/\/hirax.fi\/wp-content\/uploads\/2020\/05\/IMG_2189-300x224.jpg 300w, https:\/\/hirax.fi\/wp-content\/uploads\/2020\/05\/IMG_2189-1024x765.jpg 1024w, https:\/\/hirax.fi\/wp-content\/uploads\/2020\/05\/IMG_2189-768x574.jpg 768w, https:\/\/hirax.fi\/wp-content\/uploads\/2020\/05\/IMG_2189-1536x1147.jpg 1536w, https:\/\/hirax.fi\/wp-content\/uploads\/2020\/05\/IMG_2189-2048x1530.jpg 2048w\" alt=\"\" width=\"2560\" height=\"1912\" \/>\n<figcaption><\/figcaption>\n<\/figure>\n<h2>TUOTTEET<\/h2>\n<p><img decoding=\"async\" src=\"https:\/\/hirax.fi\/wp-content\/uploads\/2020\/01\/IMG-20170527-WA0003-1024x768.jpg\" sizes=\"(max-width: 800px) 100vw, 800px\" srcset=\"https:\/\/hirax.fi\/wp-content\/uploads\/2020\/01\/IMG-20170527-WA0003-1024x768.jpg 1024w, https:\/\/hirax.fi\/wp-content\/uploads\/2020\/01\/IMG-20170527-WA0003-300x225.jpg 300w, https:\/\/hirax.fi\/wp-content\/uploads\/2020\/01\/IMG-20170527-WA0003-768x576.jpg 768w, https:\/\/hirax.fi\/wp-content\/uploads\/2020\/01\/IMG-20170527-WA0003-1536x1152.jpg 1536w, https:\/\/hirax.fi\/wp-content\/uploads\/2020\/01\/IMG-20170527-WA0003.jpg 1600w\" alt=\"\" width=\"800\" height=\"600\" \/><\/p>\n<h3>HIRSILAAVU<\/h3>\n<p><img decoding=\"async\" src=\"https:\/\/hirax.fi\/wp-content\/uploads\/2020\/05\/IMG_3642-1024x765.jpg\" sizes=\"(max-width: 800px) 100vw, 800px\" srcset=\"https:\/\/hirax.fi\/wp-content\/uploads\/2020\/05\/IMG_3642-1024x765.jpg 1024w, https:\/\/hirax.fi\/wp-content\/uploads\/2020\/05\/IMG_3642-300x224.jpg 300w, https:\/\/hirax.fi\/wp-content\/uploads\/2020\/05\/IMG_3642-768x574.jpg 768w, https:\/\/hirax.fi\/wp-content\/uploads\/2020\/05\/IMG_3642-1536x1147.jpg 1536w, https:\/\/hirax.fi\/wp-content\/uploads\/2020\/05\/IMG_3642-2048x1530.jpg 2048w\" alt=\"\" width=\"800\" height=\"598\" \/><\/p>\n<p>Py\u00f6r\u00f6hirsilaavut nuotiopaikalle,\u00a0 nukkumisk\u00e4ytt\u00f6\u00f6n, retkeilykohteisiin ja er\u00e4paikoille. Meill\u00e4 valmistetut laavut ovat olleet suosittuja koska ne ovat riitt\u00e4v\u00e4n vahvarakenteisia. Se mahdollistaa riitt\u00e4v\u00e4n suuren ja suojaisan katon sek\u00e4 pitk\u00e4n k\u00e4ytt\u00f6i\u00e4n. N\u00e4ist\u00e4 laavuista voi rakentaa my\u00f6s hyttysilt\u00e4 suojatun nukkumalaavun.<\/p>\n<h3>Hirsilato, puuliiteri tai varasto hirrest\u00e4<\/h3>\n<p>N\u00e4m\u00e4 tuotteet valmistetaan paksuudeltaan 150 mm hirrest\u00e4. Samalla rakenteella teemme my\u00f6s kalusto- ja konevarastot. Puuvarastot teemme asiakkaan haluamilla mitoilla <strong>ennakkotilausten<\/strong> perusteella. Asiakas voi valita my\u00f6s sellaisen\u00a0 sein\u00e4korkeuden ja kattokulman joka pihapiiriin soveltuu. Tavallisimmat koot ovat 10-30 m2 mutta my\u00f6s suurempia kokoja on saatavissa.<\/p>\n<p>Vahva rakenne mahdollistaa helpon ja esteett\u00f6m\u00e4n sis\u00e4\u00e4nk\u00e4ynnin koska oven kynnyst\u00e4 ei tarvita. Sis\u00e4\u00e4n voi k\u00e4vell\u00e4 kuin tasamaalla, portaita ei tarvita. Isommissa malleissa sis\u00e4\u00e4n voi ajaa esimerkiksi m\u00f6nkij\u00e4ll\u00e4 tai autolla.<\/p>\n<p>N\u00e4m\u00e4 rakennukset on tehty talotehtaan linjalla ja ovat eritt\u00e4in pitk\u00e4ik\u00e4isi\u00e4 rakennuksia. Ne kantavat my\u00f6s kaikki lumikuormat. Huolimatta siit\u00e4 ett\u00e4 n\u00e4m\u00e4 rakennukset on tehty riitt\u00e4v\u00e4n vahvasta hirrest\u00e4 niiden hinnat ovat kohtuullisia.<\/p>\n<p><img loading=\"lazy\" decoding=\"async\" src=\"https:\/\/hirax.fi\/wp-content\/uploads\/2020\/01\/IMG_1259-1024x765.jpg\" sizes=\"(max-width: 800px) 100vw, 800px\" srcset=\"https:\/\/hirax.fi\/wp-content\/uploads\/2020\/01\/IMG_1259-1024x765.jpg 1024w, https:\/\/hirax.fi\/wp-content\/uploads\/2020\/01\/IMG_1259-300x224.jpg 300w, https:\/\/hirax.fi\/wp-content\/uploads\/2020\/01\/IMG_1259-768x574.jpg 768w, https:\/\/hirax.fi\/wp-content\/uploads\/2020\/01\/IMG_1259-1536x1147.jpg 1536w, https:\/\/hirax.fi\/wp-content\/uploads\/2020\/01\/IMG_1259-2048x1530.jpg 2048w\" alt=\"\" width=\"800\" height=\"598\" \/><\/p>\n<h3>Muuta<\/h3>\n<p><img loading=\"lazy\" decoding=\"async\" src=\"https:\/\/hirax.fi\/wp-content\/uploads\/2020\/05\/kuva-62-1024x765.jpg\" sizes=\"(max-width: 800px) 100vw, 800px\" srcset=\"https:\/\/hirax.fi\/wp-content\/uploads\/2020\/05\/kuva-62-1024x765.jpg 1024w, https:\/\/hirax.fi\/wp-content\/uploads\/2020\/05\/kuva-62-300x224.jpg 300w, https:\/\/hirax.fi\/wp-content\/uploads\/2020\/05\/kuva-62-768x574.jpg 768w, https:\/\/hirax.fi\/wp-content\/uploads\/2020\/05\/kuva-62-1536x1147.jpg 1536w, https:\/\/hirax.fi\/wp-content\/uploads\/2020\/05\/kuva-62-2048x1530.jpg 2048w\" alt=\"\" width=\"800\" height=\"598\" \/><\/p>\n<ul>\n<li>Hirsi\u00e4 korjausrakentamiseen ja erikoispitk\u00e4t hirret.<\/li>\n<li>Hirret saneerauskohteisiin.<\/li>\n<li>Hirsirakentamisen eristeet.<\/li>\n<li>Hirsirakentamisen metalliset liukukiinnikkeet ja muut tarvikkeet.<\/li>\n<\/ul>\n<h2>MYYM\u00c4L\u00c4<\/h2>\n<p><strong>Huomioithan ett\u00e4 emme\u00a0<\/strong><strong style=\"color: inherit; font-family: inherit; font-size: 1rem;\">ole kokoaikaisesti paikalla. Soita ja sovi etuk\u00e4teen tulosasi. Tavoitat meid\u00e4t numerosta 044-5008035.\u00a0<\/strong><\/p>\n<p>Esimerkkej\u00e4 tuotteista vuosi 2025- 2026:<\/p>\n<ul>\n<li>K\u00e4ytt\u00f6vesiputket ja &#8211; liittimet. HT-viem\u00e4riputket ja -liittimet. Vesilukot.<\/li>\n<li>Arabia\/Ido wc-laitteiden varaosat, Gustavsberg varaosia.<\/li>\n<li>Ilmanvaihtoputket ja &#8211; liittimet. Putkikiinnikkeet.<\/li>\n<li>Oras- tuotteita ja varaosia.<\/li>\n<li>Pesukoneletkut &#8211; ja liittimet.<\/li>\n<li>\u00a0Valokytkimet ja pistorasiat.\u00a0 S\u00e4hk\u00f6kaapelit ja asennustarvikkeet.\u00a0 Naulakiinnikkeet.<\/li>\n<li>Virtasen maalitehtaan ulkomaalit. Erilaiset maalipensselit.<\/li>\n<li>Ty\u00f6hanskat.<\/li>\n<li>Hirsirakentamisen eristevillat, s\u00e4\u00e4t\u00f6jalat, liukukiinnikkeet.<\/li>\n<li>Traktoriaiheiset kortit ja nostalgia-aiheiset kortit.<\/li>\n<li>Tulppasulakkeet<\/li>\n<li>Vesiletkut, liittimet ja pikaliittimet.<\/li>\n<li>JYREMARK-eristevillat hirsirakentamiseen. Varastossa eri leveyksi\u00e4 ja nurkkapaloja.<\/li>\n<li>Laaja valikoima HT-viem\u00e4riosia.\u00a0<\/li>\n<li>Sein\u00e4kannakkeet, konsolikannakkeet.<\/li>\n<li>N\u00e4ytt\u00e4v\u00e4t sein\u00e4kellot pahkapuusta (nyt &#8211; 50% alennuksella! ).<\/li>\n<li>POISTOTUOTTEITA alkaen 1e\/kpl.<\/li>\n<\/ul>\n<p><iframe src=\"https:\/\/maps.google.com\/maps?q=joensuuntie%202633%2C%2083950%20Ahmovaara&amp;t=m&amp;z=10&amp;output=embed&amp;iwloc=near\" frameborder=\"0\" marginwidth=\"0\" marginheight=\"0\" scrolling=\"no\" aria-label=\"joensuuntie 2633, 83950 Ahmovaara\"><\/iframe><\/p>\n<h3><strong>Samoissa tiloissa my\u00f6s monipuolinen LVI-tarvikemyynti.<\/strong><\/h3>\n<p>&nbsp;<\/p>\n<h2>HIRAX Hirsitalot<\/h2>\n<p>Myym\u00e4l\u00e4n osoite:<\/p>\n<p>Joensuuntie 2633<br \/>83950 AHMOVAARA<\/p>\n<p>Noudoista ja toimituksista on sovittava etuk\u00e4teen puhelimitse.<\/p>\n<h6>Ota yhteytt\u00e4 myyntiin soittamalla:<\/h6>\n<p>ma-pe , parhaiten klo.15.30 j\u00e4lkeen. Puhelin 0445008035.<\/p>\n\n\n<figure class=\"wp-block-image\"><img decoding=\"async\" src=\"https:\/\/hirax.fi\/wp-content\/uploads\/2025\/01\/20250122_124158-1024x576.jpg\" alt=\"\"\/><\/figure>\n\n\n\n<p>Lis\u00e4tietoa tuotteista valmistajien sivuilta mm.<\/p>\n\n\n\n<ul class=\"wp-block-list\">\n<li><a href=\"http:\/\/www.virtasenmaalitehdas.fi\/\" target=\"_blank\" rel=\"noreferrer noopener\">www.virtasenmaalitehdas.fi<\/a><\/li>\n\n\n\n<li><a href=\"http:\/\/www.jyremark.fi\/\" target=\"_blank\" rel=\"noreferrer noopener\">www.jyremark.fi<\/a><\/li>\n\n\n\n<li><a href=\"http:\/\/www.oras.fi\/\" target=\"_blank\" rel=\"noreferrer noopener\">www.oras.f<\/a>i<\/li>\n<\/ul>\n\n\n\n<p><\/p>\n","protected":false},"excerpt":{"rendered":"<p>HIRAX HIRSITALOT on yli 30 vuotta toiminut yritys. \u00a0 \u00a0 HUOM! Emme ole kokoaikaisesti paikalla. Muistathan sopia k\u00e4ynnist\u00e4si etuk\u00e4teen soittamalla! Tapaaminen voidaan sopia toimistolle tai vaihtoehtoisesti tehtaan yhteydess\u00e4 sijaitsevaan Hirax Hirsitalojen myym\u00e4l\u00e4\u00e4n. Tavoitat meid\u00e4t puhelimitse ma-pe parhaiten klo. 15.30 j\u00e4lkeen.\u00a0 p. 0445008035. \u00a0 AJANKOHTAISTA TALVI 2025-2026: Vuodelle 2026 emme ota en\u00e4\u00e4 hirsikehikkotilauksia. Myym\u00e4l\u00e4ss\u00e4 on poistotuotteita [&hellip;]<\/p>\n","protected":false},"author":1,"featured_media":386,"parent":0,"menu_order":0,"comment_status":"closed","ping_status":"open","template":"","meta":{"footnotes":""},"class_list":["post-34","page","type-page","status-publish","has-post-thumbnail","hentry"],"_links":{"self":[{"href":"https:\/\/hirax.fi\/index.php?rest_route=\/wp\/v2\/pages\/34","targetHints":{"allow":["GET"]}}],"collection":[{"href":"https:\/\/hirax.fi\/index.php?rest_route=\/wp\/v2\/pages"}],"about":[{"href":"https:\/\/hirax.fi\/index.php?rest_route=\/wp\/v2\/types\/page"}],"author":[{"embeddable":true,"href":"https:\/\/hirax.fi\/index.php?rest_route=\/wp\/v2\/users\/1"}],"replies":[{"embeddable":true,"href":"https:\/\/hirax.fi\/index.php?rest_route=%2Fwp%2Fv2%2Fcomments&post=34"}],"version-history":[{"count":254,"href":"https:\/\/hirax.fi\/index.php?rest_route=\/wp\/v2\/pages\/34\/revisions"}],"predecessor-version":[{"id":399,"href":"https:\/\/hirax.fi\/index.php?rest_route=\/wp\/v2\/pages\/34\/revisions\/399"}],"wp:featuredmedia":[{"embeddable":true,"href":"https:\/\/hirax.fi\/index.php?rest_route=\/wp\/v2\/media\/386"}],"wp:attachment":[{"href":"https:\/\/hirax.fi\/index.php?rest_route=%2Fwp%2Fv2%2Fmedia&parent=34"}],"curies":[{"name":"wp","href":"https:\/\/api.w.org\/{rel}","templated":true}]}}